{"id":4740,"date":"2018-10-19T21:34:18","date_gmt":"2018-10-19T19:34:18","guid":{"rendered":"https:\/\/forumszombathely.hu\/?page_id=4740"},"modified":"2019-01-28T18:34:59","modified_gmt":"2019-01-28T17:34:59","slug":"ueber-das-hotel","status":"publish","type":"page","link":"https:\/\/forumszombathely.hu\/de\/ueber-das-hotel\/","title":{"rendered":"\u00dcber das Hotel"},"content":{"rendered":"<h2 style=\"text-align: center;\">&#8222;Omnes viae Romam ducunt&#8220; &#8211; oder frei nach dem Motto von La Fontaine: &#8222;ALLE WEGE F\u00dcHREN NACH ROM.&#8220;<\/h2>\n<p style=\"text-align: justify;\">MMXVIII &#8211; Beginn einer neuen Zeitrechnung in Savaria! Sie brauchen kein Flugticket mehr zu buchen, um die echte kaiserliche Lebensstimmung erleben zu k\u00f6nnen, da wir sie auf dem Hauptplatz des Komitatssitzes Vas ins Leben gerufen haben. Der neueste Edelstein der historischen Innenstadt erwartet die Szombathely besuchenden Reisenden in direkter Nachbarschaft der weltber\u00fchmten Bernsteinstra\u00dfe.<\/p>\n<p style=\"text-align: justify;\">Bei den Ausstattungsarbeiten des Hotels haben wir besonders gro\u00dfen Wert darauf gelegt, dass die touristische Landkarte des Komitats Vas durch einen Komplex bereichert wird, der den Ruhm der Region mit Recht erh\u00f6ht. Im Laufe der Bauarbeiten wurden 28 Wohnbereiche gestaltet, wobei der wichtigste Aspekt der Bau von schlaffreundlichen Zimmern war. Die Nutzung von Baumaterialien von hoher Qualit\u00e4t, die blackout- ( d.h. vollkommen lichtschlie\u00dfende) Vorh\u00e4nge sowie die professionellen Matratzen dienen zur Bequemlichkeit und Erholung unserer G\u00e4ste.<\/p>\n<p style=\"text-align: justify;\">Den Anspr\u00fcchen der modernen Zeit angepasst versuchen wir den bei uns verbrachten Aufenthalt mit Full- HD Fernsehern und Breitband-Internetzugang noch mehr komfortabel zu machen. Unsere Standard-Zimmer sind vollkommen geeignet f\u00fcr Durchreisende oder f\u00fcr Gesch\u00e4ftsleute, w\u00e4hrend die gr\u00f6\u00dferen Wohnbereiche f\u00fcr gleichzeitige Unterbringung von 3 bis 4 Erwachsenen geeignet sind.<\/p>\n<p style=\"text-align: justify;\">Den Anspr\u00fcchen der modernen Zeit angepasst versuchen wir den bei uns verbrachten Aufenthalt mit Full- HD Fernsehern und Breitband-Internetzugang noch mehr komfortabel zu machen. Unsere Standard-Zimmer sind vollkommen geeignet f\u00fcr Durchreisende oder f\u00fcr Gesch\u00e4ftsleute, w\u00e4hrend die gr\u00f6\u00dferen Wohnbereiche f\u00fcr gleichzeitige Unterbringung von 3 bis 4 Erwachsenen geeignet sind.<\/p>\n<p style=\"text-align: justify;\">Sie k\u00f6nnen den im Jahre 2000 wieder ins Leben gerufenen Savaria Karneval aus dem Fenster Ihres Hotelzimmers mitverfolgen, da der Festumzug direkt am Hotelgeb\u00e4ude vorbeigeht. Wir haben die Temperierung der G\u00e4ster\u00e4ume auch nicht vergessen, mit Hilfe der modernsten Klimatechnologie sorgen wir f\u00fcr die ideale Temperatur im ganzen Hotel.<\/p>\n<p style=\"text-align: justify;\">Hotelg\u00e4ste haben direkten Durchgang ins Forum Restaurant, wo sie unsere Halpension &#8211; Verpflegung in Anspruch nehmen k\u00f6nnen oder aus unserem a&#8216; la carte- Angebot nach Belieben w\u00e4hlen k\u00f6nnen.<\/p>\n<p>Wir bieten allen uns besuchenden G\u00e4sten nostalgische Stimmung, Gem\u00fctlichkeit, Dienstleistungen von hoher Qualit\u00e4t und exklusive gastronomische Erlebnisse.<\/p>\n","protected":false},"excerpt":{"rendered":"<p>&#8222;Omnes viae Romam ducunt&#8220; &#8211; oder frei nach dem Motto von La Fontaine: &#8222;ALLE WEGE F\u00dcHREN NACH ROM.&#8220; MMXVIII &#8211; Beginn einer neuen Zeitrechnung in Savaria! Sie brauchen kein Flugticket mehr zu buchen, um die echte kaiserliche Lebensstimmung erleben zu k\u00f6nnen, da wir sie auf dem Hauptplatz des Komitatssitzes Vas ins Leben gerufen haben. Der [&hellip;]<\/p>\n","protected":false},"author":1,"featured_media":142091,"parent":0,"menu_order":0,"comment_status":"closed","ping_status":"closed","template":"","meta":{"_et_pb_use_builder":"on","_et_pb_old_content":"","_et_gb_content_width":"","footnotes":""},"class_list":["post-4740","page","type-page","status-publish","has-post-thumbnail","hentry"],"yoast_head":"<!-- This site is optimized with the Yoast SEO plugin v27.5 - https:\/\/yoast.com\/product\/yoast-seo-wordpress\/ -->\n<title>\u00dcber das Hotel - Forum Hotel ****<\/title>\n<meta name=\"robots\" content=\"index, follow, max-snippet:-1, max-image-preview:large, max-video-preview:-1\" \/>\n<link rel=\"canonical\" href=\"https:\/\/forumszombathely.hu\/de\/ueber-das-hotel\/\" \/>\n<meta property=\"og:locale\" content=\"de_DE\" \/>\n<meta property=\"og:type\" content=\"article\" \/>\n<meta property=\"og:title\" content=\"\u00dcber das Hotel - Forum Hotel ****\" \/>\n<meta property=\"og:description\" content=\"&quot;Omnes viae Romam ducunt&quot; - oder frei nach dem Motto von La Fontaine: &quot;ALLE WEGE F\u00dcHREN NACH ROM.&quot; MMXVIII - Beginn einer neuen Zeitrechnung in Savaria! Sie brauchen kein Flugticket mehr zu buchen, um die echte kaiserliche Lebensstimmung erleben zu k\u00f6nnen, da wir sie auf dem Hauptplatz des Komitatssitzes Vas ins Leben gerufen haben. Der [&hellip;]\" \/>\n<meta property=\"og:url\" content=\"https:\/\/forumszombathely.hu\/de\/ueber-das-hotel\/\" \/>\n<meta property=\"og:site_name\" content=\"Forum Hotel ****\" \/>\n<meta property=\"article:modified_time\" content=\"2019-01-28T17:34:59+00:00\" \/>\n<meta name=\"twitter:card\" content=\"summary_large_image\" \/>\n<meta name=\"twitter:label1\" content=\"Gesch\u00e4tzte Lesezeit\" \/>\n\t<meta name=\"twitter:data1\" content=\"2\u00a0Minuten\" \/>\n<script type=\"application\/ld+json\" class=\"yoast-schema-graph\">{\"@context\":\"https:\\\/\\\/schema.org\",\"@graph\":[{\"@type\":\"WebPage\",\"@id\":\"https:\\\/\\\/forumszombathely.hu\\\/de\\\/ueber-das-hotel\\\/\",\"url\":\"https:\\\/\\\/forumszombathely.hu\\\/de\\\/ueber-das-hotel\\\/\",\"name\":\"\u00dcber das Hotel - Forum Hotel ****\",\"isPartOf\":{\"@id\":\"https:\\\/\\\/forumszombathely.hu\\\/#website\"},\"primaryImageOfPage\":{\"@id\":\"https:\\\/\\\/forumszombathely.hu\\\/de\\\/ueber-das-hotel\\\/#primaryimage\"},\"image\":{\"@id\":\"https:\\\/\\\/forumszombathely.hu\\\/de\\\/ueber-das-hotel\\\/#primaryimage\"},\"thumbnailUrl\":\"https:\\\/\\\/forumszombathely.hu\\\/wp-content\\\/uploads\\\/forum-hotel-szombathely-hotelunk-fokep.jpg\",\"datePublished\":\"2018-10-19T19:34:18+00:00\",\"dateModified\":\"2019-01-28T17:34:59+00:00\",\"breadcrumb\":{\"@id\":\"https:\\\/\\\/forumszombathely.hu\\\/de\\\/ueber-das-hotel\\\/#breadcrumb\"},\"inLanguage\":\"de\",\"potentialAction\":[{\"@type\":\"ReadAction\",\"target\":[\"https:\\\/\\\/forumszombathely.hu\\\/de\\\/ueber-das-hotel\\\/\"]}]},{\"@type\":\"ImageObject\",\"inLanguage\":\"de\",\"@id\":\"https:\\\/\\\/forumszombathely.hu\\\/de\\\/ueber-das-hotel\\\/#primaryimage\",\"url\":\"https:\\\/\\\/forumszombathely.hu\\\/wp-content\\\/uploads\\\/forum-hotel-szombathely-hotelunk-fokep.jpg\",\"contentUrl\":\"https:\\\/\\\/forumszombathely.hu\\\/wp-content\\\/uploads\\\/forum-hotel-szombathely-hotelunk-fokep.jpg\",\"width\":1920,\"height\":1161,\"caption\":\"Forum Hotel | Hotel\u00fcnk\"},{\"@type\":\"BreadcrumbList\",\"@id\":\"https:\\\/\\\/forumszombathely.hu\\\/de\\\/ueber-das-hotel\\\/#breadcrumb\",\"itemListElement\":[{\"@type\":\"ListItem\",\"position\":1,\"name\":\"Home\",\"item\":\"https:\\\/\\\/forumszombathely.hu\\\/de\\\/\"},{\"@type\":\"ListItem\",\"position\":2,\"name\":\"\u00dcber das Hotel\"}]},{\"@type\":\"WebSite\",\"@id\":\"https:\\\/\\\/forumszombathely.hu\\\/#website\",\"url\":\"https:\\\/\\\/forumszombathely.hu\\\/\",\"name\":\"Forum Hotel ****\",\"description\":\"Szombathely leg\u00fajabb \u00fczleti sz\u00e1llod\u00e1ja\",\"publisher\":{\"@id\":\"https:\\\/\\\/forumszombathely.hu\\\/#organization\"},\"potentialAction\":[{\"@type\":\"SearchAction\",\"target\":{\"@type\":\"EntryPoint\",\"urlTemplate\":\"https:\\\/\\\/forumszombathely.hu\\\/?s={search_term_string}\"},\"query-input\":{\"@type\":\"PropertyValueSpecification\",\"valueRequired\":true,\"valueName\":\"search_term_string\"}}],\"inLanguage\":\"de\"},{\"@type\":\"Organization\",\"@id\":\"https:\\\/\\\/forumszombathely.hu\\\/#organization\",\"name\":\"Forum \u00c9tterem \u00e9s Sz\u00e1lloda Szombathely\",\"url\":\"https:\\\/\\\/forumszombathely.hu\\\/\",\"logo\":{\"@type\":\"ImageObject\",\"inLanguage\":\"de\",\"@id\":\"https:\\\/\\\/forumszombathely.hu\\\/#\\\/schema\\\/logo\\\/image\\\/\",\"url\":\"https:\\\/\\\/forumszombathely.hu\\\/wp-content\\\/uploads\\\/forumszombathely-restaurant-de-share.jpg\",\"contentUrl\":\"https:\\\/\\\/forumszombathely.hu\\\/wp-content\\\/uploads\\\/forumszombathely-restaurant-de-share.jpg\",\"width\":1200,\"height\":628,\"caption\":\"Forum \u00c9tterem \u00e9s Sz\u00e1lloda Szombathely\"},\"image\":{\"@id\":\"https:\\\/\\\/forumszombathely.hu\\\/#\\\/schema\\\/logo\\\/image\\\/\"}}]}<\/script>\n<!-- \/ Yoast SEO plugin. -->","yoast_head_json":{"title":"\u00dcber das Hotel - Forum Hotel ****","robots":{"index":"index","follow":"follow","max-snippet":"max-snippet:-1","max-image-preview":"max-image-preview:large","max-video-preview":"max-video-preview:-1"},"canonical":"https:\/\/forumszombathely.hu\/de\/ueber-das-hotel\/","og_locale":"de_DE","og_type":"article","og_title":"\u00dcber das Hotel - Forum Hotel ****","og_description":"\"Omnes viae Romam ducunt\" - oder frei nach dem Motto von La Fontaine: \"ALLE WEGE F\u00dcHREN NACH ROM.\" MMXVIII - Beginn einer neuen Zeitrechnung in Savaria! Sie brauchen kein Flugticket mehr zu buchen, um die echte kaiserliche Lebensstimmung erleben zu k\u00f6nnen, da wir sie auf dem Hauptplatz des Komitatssitzes Vas ins Leben gerufen haben. Der [&hellip;]","og_url":"https:\/\/forumszombathely.hu\/de\/ueber-das-hotel\/","og_site_name":"Forum Hotel ****","article_modified_time":"2019-01-28T17:34:59+00:00","twitter_card":"summary_large_image","twitter_misc":{"Gesch\u00e4tzte Lesezeit":"2\u00a0Minuten"},"schema":{"@context":"https:\/\/schema.org","@graph":[{"@type":"WebPage","@id":"https:\/\/forumszombathely.hu\/de\/ueber-das-hotel\/","url":"https:\/\/forumszombathely.hu\/de\/ueber-das-hotel\/","name":"\u00dcber das Hotel - Forum Hotel ****","isPartOf":{"@id":"https:\/\/forumszombathely.hu\/#website"},"primaryImageOfPage":{"@id":"https:\/\/forumszombathely.hu\/de\/ueber-das-hotel\/#primaryimage"},"image":{"@id":"https:\/\/forumszombathely.hu\/de\/ueber-das-hotel\/#primaryimage"},"thumbnailUrl":"https:\/\/forumszombathely.hu\/wp-content\/uploads\/forum-hotel-szombathely-hotelunk-fokep.jpg","datePublished":"2018-10-19T19:34:18+00:00","dateModified":"2019-01-28T17:34:59+00:00","breadcrumb":{"@id":"https:\/\/forumszombathely.hu\/de\/ueber-das-hotel\/#breadcrumb"},"inLanguage":"de","potentialAction":[{"@type":"ReadAction","target":["https:\/\/forumszombathely.hu\/de\/ueber-das-hotel\/"]}]},{"@type":"ImageObject","inLanguage":"de","@id":"https:\/\/forumszombathely.hu\/de\/ueber-das-hotel\/#primaryimage","url":"https:\/\/forumszombathely.hu\/wp-content\/uploads\/forum-hotel-szombathely-hotelunk-fokep.jpg","contentUrl":"https:\/\/forumszombathely.hu\/wp-content\/uploads\/forum-hotel-szombathely-hotelunk-fokep.jpg","width":1920,"height":1161,"caption":"Forum Hotel | Hotel\u00fcnk"},{"@type":"BreadcrumbList","@id":"https:\/\/forumszombathely.hu\/de\/ueber-das-hotel\/#breadcrumb","itemListElement":[{"@type":"ListItem","position":1,"name":"Home","item":"https:\/\/forumszombathely.hu\/de\/"},{"@type":"ListItem","position":2,"name":"\u00dcber das Hotel"}]},{"@type":"WebSite","@id":"https:\/\/forumszombathely.hu\/#website","url":"https:\/\/forumszombathely.hu\/","name":"Forum Hotel ****","description":"Szombathely leg\u00fajabb \u00fczleti sz\u00e1llod\u00e1ja","publisher":{"@id":"https:\/\/forumszombathely.hu\/#organization"},"potentialAction":[{"@type":"SearchAction","target":{"@type":"EntryPoint","urlTemplate":"https:\/\/forumszombathely.hu\/?s={search_term_string}"},"query-input":{"@type":"PropertyValueSpecification","valueRequired":true,"valueName":"search_term_string"}}],"inLanguage":"de"},{"@type":"Organization","@id":"https:\/\/forumszombathely.hu\/#organization","name":"Forum \u00c9tterem \u00e9s Sz\u00e1lloda Szombathely","url":"https:\/\/forumszombathely.hu\/","logo":{"@type":"ImageObject","inLanguage":"de","@id":"https:\/\/forumszombathely.hu\/#\/schema\/logo\/image\/","url":"https:\/\/forumszombathely.hu\/wp-content\/uploads\/forumszombathely-restaurant-de-share.jpg","contentUrl":"https:\/\/forumszombathely.hu\/wp-content\/uploads\/forumszombathely-restaurant-de-share.jpg","width":1200,"height":628,"caption":"Forum \u00c9tterem \u00e9s Sz\u00e1lloda Szombathely"},"image":{"@id":"https:\/\/forumszombathely.hu\/#\/schema\/logo\/image\/"}}]}},"_links":{"self":[{"href":"https:\/\/forumszombathely.hu\/de\/wp-json\/wp\/v2\/pages\/4740","targetHints":{"allow":["GET"]}}],"collection":[{"href":"https:\/\/forumszombathely.hu\/de\/wp-json\/wp\/v2\/pages"}],"about":[{"href":"https:\/\/forumszombathely.hu\/de\/wp-json\/wp\/v2\/types\/page"}],"author":[{"embeddable":true,"href":"https:\/\/forumszombathely.hu\/de\/wp-json\/wp\/v2\/users\/1"}],"replies":[{"embeddable":true,"href":"https:\/\/forumszombathely.hu\/de\/wp-json\/wp\/v2\/comments?post=4740"}],"version-history":[{"count":0,"href":"https:\/\/forumszombathely.hu\/de\/wp-json\/wp\/v2\/pages\/4740\/revisions"}],"wp:featuredmedia":[{"embeddable":true,"href":"https:\/\/forumszombathely.hu\/de\/wp-json\/wp\/v2\/media\/142091"}],"wp:attachment":[{"href":"https:\/\/forumszombathely.hu\/de\/wp-json\/wp\/v2\/media?parent=4740"}],"curies":[{"name":"wp","href":"https:\/\/api.w.org\/{rel}","templated":true}]}}