{"id":4749,"date":"2018-10-23T18:51:22","date_gmt":"2018-10-23T16:51:22","guid":{"rendered":"https:\/\/forumszombathely.hu\/?page_id=4749"},"modified":"2018-11-05T12:06:22","modified_gmt":"2018-11-05T11:06:22","slug":"savaria-karneval","status":"publish","type":"page","link":"https:\/\/forumszombathely.hu\/de\/savaria-karneval\/","title":{"rendered":"Savaria Karneval"},"content":{"rendered":"<h5 style=\"text-align: center;\">Wissen Sie, dass der Savaria Karneval bei uns veranstaltet wird?<\/h5>\n<p>Die Behauptung von uns scheint ein kleines bisschen \u00fcbertrieben zu sein, aber der Hauptschauplatz des Savaria Historischen Karnevals ist tats\u00e4chlich in der 500 m Umgebung des Forum Restaurants&amp; Hotels zu finden..<\/p>\n<p>Mehrere Tausende Touristen kommen j\u00e4hrlich in unsere Stadt und mindestens so viele Besucher aus dem Komitat Vas, um an den mehreren hundert Programmen der Veranstaltungsserie teilzunehmen und um die unverf\u00e4lschte r\u00f6mische Stimmung selbst zu erleben<\/p>\n<p>&#8230;Seien Sie einer der wenigen Auserw\u00e4hlten, der durch das eigene Fenster den Festumzug des Karnevals mitverfolgen kann.<\/p>\n<p>&#8230;Seien Sie der Gast, der im neuen Restaurant von Savaria eine kaiserliche Verpflegung bekommt, wo die einmalige Atmosph\u00e4re der R\u00f6merzeit wieder hervorgerufen wird<\/p>\n<p>&#8230;. Werden Sie ein richtiger B\u00fcrger von Savaria, erleben Sie den r\u00f6mischen Gem\u00fctszustand hautnah, Tag und Nacht.<\/p>\n<p>&nbsp;<\/p>\n<p>Der Karneval braucht niemandem vorgestellt zu werden, denn er wurde f\u00fcr heute bereits allen bekannt,sollte es doch nicht der Fall sein, gibt es ohne Anspruch auf Vollkommenheit: Umz\u00fcge, Lager, Schlachtszenen, Theaterauff\u00fchrungen, musikalische Auftritte, Stra\u00dfe der Weine, Bierplatz, Aussteller, Marktverk\u00e4ufer, Kinderprogramme, gastronomische K\u00f6stlichkeiten, Heerschau der Legionen, Gladiatorenk\u00e4mpfe, Fahnenschwinger&#8230;.und noch viele hunderte Programme warten auf Sie von Jahr zu Jahr.<\/p>\n<h6 style=\"text-align: center;\">Verpassen Sie dieses spektakul\u00e4re Ereignis nicht, buchen Sie Ihre Konsul-Unterkunft.<\/h6>\n<p>Der 20. Savaria Historische Karneval und das Forum Hotel&amp;Restaurant erwarten Sie herzlich.<\/p>\n<p>&nbsp;<\/p>\n<script type=\"text\/javascript\">\n\/* <![CDATA[ *\/\nvar gform;gform||(document.addEventListener(\"gform_main_scripts_loaded\",function(){gform.scriptsLoaded=!0}),document.addEventListener(\"gform\/theme\/scripts_loaded\",function(){gform.themeScriptsLoaded=!0}),window.addEventListener(\"DOMContentLoaded\",function(){gform.domLoaded=!0}),gform={domLoaded:!1,scriptsLoaded:!1,themeScriptsLoaded:!1,isFormEditor:()=>\"function\"==typeof InitializeEditor,callIfLoaded:function(o){return!(!gform.domLoaded||!gform.scriptsLoaded||!gform.themeScriptsLoaded&&!gform.isFormEditor()||(gform.isFormEditor()&&console.warn(\"The use of gform.initializeOnLoaded() is deprecated in the form editor context and will be removed in Gravity Forms 3.1.\"),o(),0))},initializeOnLoaded:function(o){gform.callIfLoaded(o)||(document.addEventListener(\"gform_main_scripts_loaded\",()=>{gform.scriptsLoaded=!0,gform.callIfLoaded(o)}),document.addEventListener(\"gform\/theme\/scripts_loaded\",()=>{gform.themeScriptsLoaded=!0,gform.callIfLoaded(o)}),window.addEventListener(\"DOMContentLoaded\",()=>{gform.domLoaded=!0,gform.callIfLoaded(o)}))},hooks:{action:{},filter:{}},addAction:function(o,r,e,t){gform.addHook(\"action\",o,r,e,t)},addFilter:function(o,r,e,t){gform.addHook(\"filter\",o,r,e,t)},doAction:function(o){gform.doHook(\"action\",o,arguments)},applyFilters:function(o){return gform.doHook(\"filter\",o,arguments)},removeAction:function(o,r){gform.removeHook(\"action\",o,r)},removeFilter:function(o,r,e){gform.removeHook(\"filter\",o,r,e)},addHook:function(o,r,e,t,n){null==gform.hooks[o][r]&&(gform.hooks[o][r]=[]);var d=gform.hooks[o][r];null==n&&(n=r+\"_\"+d.length),gform.hooks[o][r].push({tag:n,callable:e,priority:t=null==t?10:t})},doHook:function(r,o,e){var t;if(e=Array.prototype.slice.call(e,1),null!=gform.hooks[r][o]&&((o=gform.hooks[r][o]).sort(function(o,r){return o.priority-r.priority}),o.forEach(function(o){\"function\"!=typeof(t=o.callable)&&(t=window[t]),\"action\"==r?t.apply(null,e):e[0]=t.apply(null,e)})),\"filter\"==r)return e[0]},removeHook:function(o,r,t,n){var e;null!=gform.hooks[o][r]&&(e=(e=gform.hooks[o][r]).filter(function(o,r,e){return!!(null!=n&&n!=o.tag||null!=t&&t!=o.priority)}),gform.hooks[o][r]=e)}});\n\/* ]]> *\/\n<\/script>\n\n                <div class='gf_browser_gecko gform_wrapper gform_legacy_markup_wrapper gform-theme--no-framework' data-form-theme='legacy' data-form-index='0' id='gform_wrapper_4' >\n                        <div class='gform_heading'>\n                            <h3 class=\"gform_title\">Kontaktformular<\/h3>\n                            <p class='gform_description'><\/p>\n                        <\/div><form method='post' enctype='multipart\/form-data'  id='gform_4'  action='\/de\/wp-json\/wp\/v2\/pages\/4749' data-formid='4' novalidate><div class='gf_invisible ginput_recaptchav3' data-sitekey='6Lf9QmkeAAAAAK7c1CI-2QpNXDiMRUylOObtwfDs' data-tabindex='0'><input id=\"input_fece9ae9658b6b9303eaa4991a0d0fa7\" class=\"gfield_recaptcha_response\" type=\"hidden\" name=\"input_fece9ae9658b6b9303eaa4991a0d0fa7\" value=\"\"\/><\/div>\n                        <div class='gform-body gform_body'><ul id='gform_fields_4' class='gform_fields top_label form_sublabel_below description_below validation_below'><li id=\"field_4_41\" class=\"gfield gfield--type-honeypot gform_validation_container field_sublabel_below gfield--has-description field_description_below field_validation_below gfield_visibility_visible\"  ><label class='gfield_label gform-field-label' for='input_4_41'>Company<\/label><div class='ginput_container'><input name='input_41' id='input_4_41' type='text' value='' autocomplete='new-password'\/><\/div><div class='gfield_description' id='gfield_description_4_41'>Dieses Feld dient zur Validierung und sollte nicht ver\u00e4ndert werden.<\/div><\/li><li id=\"field_4_37\" class=\"gfield gfield--type-html gfield_html gfield_html_formatted gfield_no_follows_desc field_sublabel_below gfield--no-description field_description_below field_validation_below gfield_visibility_visible\"  >* Pflichfelder sind mit kleinen Sternchen gekennzeichnet.<\/li><li id=\"field_4_3\" class=\"gfield gfield--type-text gf_left_third gfield_contains_required field_sublabel_below gfield--no-description field_description_below field_validation_below gfield_visibility_visible\"  ><label class='gfield_label gform-field-label' for='input_4_3'>Name<span class=\"gfield_required\"><span class=\"gfield_required gfield_required_asterisk\">*<\/span><\/span><\/label><div class='ginput_container ginput_container_text'><input name='input_3' id='input_4_3' type='text' value='' class='medium'     aria-required=\"true\" aria-invalid=\"false\"   \/><\/div><\/li><li id=\"field_4_5\" class=\"gfield gfield--type-email gf_middle_third gfield_contains_required field_sublabel_below gfield--no-description field_description_below field_validation_below gfield_visibility_visible\"  ><label class='gfield_label gform-field-label' for='input_4_5'>E-Mail<span class=\"gfield_required\"><span class=\"gfield_required gfield_required_asterisk\">*<\/span><\/span><\/label><div class='ginput_container ginput_container_email'>\n                            <input name='input_5' id='input_4_5' type='email' value='' class='medium'    aria-required=\"true\" aria-invalid=\"false\"  \/>\n                        <\/div><\/li><li id=\"field_4_6\" class=\"gfield gfield--type-phone gf_right_third field_sublabel_below gfield--no-description field_description_below field_validation_below gfield_visibility_visible\"  ><label class='gfield_label gform-field-label' for='input_4_6'>Telefonnummer<\/label><div class='ginput_container ginput_container_phone'><input name='input_6' id='input_4_6' type='tel' value='' class='medium'    aria-invalid=\"false\"   \/><\/div><\/li><li id=\"field_4_38\" class=\"gfield gfield--type-textarea field_sublabel_below gfield--no-description field_description_below field_validation_below gfield_visibility_visible\"  ><label class='gfield_label gform-field-label' for='input_4_38'>Anfrage\/Bitte um Erstellung einer Offerte<\/label><div class='ginput_container ginput_container_textarea'><textarea name='input_38' id='input_4_38' class='textarea medium'      aria-invalid=\"false\"   rows='10' cols='50'><\/textarea><\/div><\/li><li id=\"field_4_39\" class=\"gfield gfield--type-checkbox gfield--type-choice field_sublabel_below gfield--no-description field_description_below field_validation_below gfield_visibility_visible\"  ><label class='gfield_label gform-field-label gfield_label_before_complex' >Rundbrief<\/label><div class='ginput_container ginput_container_checkbox'><ul class='gfield_checkbox' id='input_4_39'><li class='gchoice gchoice_4_39_1'>\n\t\t\t\t\t\t\t\t<input class='gfield-choice-input' name='input_39.1' type='checkbox'  value='Ich melde mich f\u00fcr die Rundbriefe des Forum Hotels&amp;Restaurants an.'  id='choice_4_39_1'   \/>\n\t\t\t\t\t\t\t\t<label for='choice_4_39_1' id='label_4_39_1' class='gform-field-label gform-field-label--type-inline'>Ich melde mich f\u00fcr die Rundbriefe des Forum Hotels&Restaurants an.<\/label>\n\t\t\t\t\t\t\t<\/li><\/ul><\/div><\/li><li id=\"field_4_40\" class=\"gfield gfield--type-checkbox gfield--type-choice gfield_contains_required field_sublabel_below gfield--no-description field_description_below field_validation_below gfield_visibility_visible\"  ><label class='gfield_label gform-field-label gfield_label_before_complex' >Datenschutzerkl\u00e4rung<span class=\"gfield_required\"><span class=\"gfield_required gfield_required_asterisk\">*<\/span><\/span><\/label><div class='ginput_container ginput_container_checkbox'><ul class='gfield_checkbox' id='input_4_40'><li class='gchoice gchoice_4_40_1'>\n\t\t\t\t\t\t\t\t<input class='gfield-choice-input' name='input_40.1' type='checkbox'  value='Ich habe die Datenschutzerkl\u00e4rung gelesen und hiermit akzeptiere ich sie.'  id='choice_4_40_1'   \/>\n\t\t\t\t\t\t\t\t<label for='choice_4_40_1' id='label_4_40_1' class='gform-field-label gform-field-label--type-inline'>Ich habe die Datenschutzerkl\u00e4rung gelesen und hiermit akzeptiere ich sie.<\/label>\n\t\t\t\t\t\t\t<\/li><\/ul><\/div><\/li><\/ul><\/div>\n        <div class='gform-footer gform_footer top_label'> <input type='submit' id='gform_submit_button_4' class='gform_button button' onclick='gform.submission.handleButtonClick(this);' data-submission-type='submit' value='Senden'  \/> \n            <input type='hidden' class='gform_hidden' name='gform_submission_method' data-js='gform_submission_method_4' value='postback' \/>\n            <input type='hidden' class='gform_hidden' name='gform_theme' data-js='gform_theme_4' id='gform_theme_4' value='legacy' \/>\n            <input type='hidden' class='gform_hidden' name='gform_style_settings' data-js='gform_style_settings_4' id='gform_style_settings_4' value='[]' \/>\n            <input type='hidden' class='gform_hidden' name='is_submit_4' value='1' \/>\n            <input type='hidden' class='gform_hidden' name='gform_submit' value='4' \/>\n            \n            <input type='hidden' class='gform_hidden' name='gform_currency' data-currency='HUF' value='htIWLIphAXwVXq6733rknd3\/g6lRlRiNaTjW8YiXEoSkiCkj6RnU\/ycy6t+ImOwOnC9vI8PllusjFsAmsEM\/wv4kVR5cpWlidgM3a+1ISGxXSdY=' \/>\n            <input type='hidden' class='gform_hidden' name='gform_unique_id' value='' \/>\n            <input type='hidden' class='gform_hidden' name='state_4' value='WyJbXSIsIjQyY2FmODVhYzdiMDJiYjFjNWE2YTViOTQ0ZTI4YjU0Il0=' \/>\n            <input type='hidden' autocomplete='off' class='gform_hidden' name='gform_target_page_number_4' id='gform_target_page_number_4' value='0' \/>\n            <input type='hidden' autocomplete='off' class='gform_hidden' name='gform_source_page_number_4' id='gform_source_page_number_4' value='1' \/>\n            <input type='hidden' name='gform_field_values' value='' \/>\n            \n        <\/div>\n                        <\/form>\n                        <\/div><script type=\"text\/javascript\">\n\/* <![CDATA[ *\/\n gform.initializeOnLoaded( function() {gformInitSpinner( 4, 'https:\/\/forumszombathely.hu\/wp-content\/plugins\/gravityforms\/images\/spinner.svg', true );jQuery('#gform_ajax_frame_4').on('load',function(){var contents = jQuery(this).contents().find('*').html();var is_postback = contents.indexOf('GF_AJAX_POSTBACK') >= 0;if(!is_postback){return;}var form_content = jQuery(this).contents().find('#gform_wrapper_4');var is_confirmation = jQuery(this).contents().find('#gform_confirmation_wrapper_4').length > 0;var is_redirect = contents.indexOf('gformRedirect(){') >= 0;var is_form = form_content.length > 0 && ! is_redirect && ! is_confirmation;var mt = parseInt(jQuery('html').css('margin-top'), 10) + parseInt(jQuery('body').css('margin-top'), 10) + 100;if(is_form){jQuery('#gform_wrapper_4').html(form_content.html());if(form_content.hasClass('gform_validation_error')){jQuery('#gform_wrapper_4').addClass('gform_validation_error');} else {jQuery('#gform_wrapper_4').removeClass('gform_validation_error');}setTimeout( function() { \/* delay the scroll by 50 milliseconds to fix a bug in chrome *\/  }, 50 );if(window['gformInitDatepicker']) {gformInitDatepicker();}if(window['gformInitPriceFields']) {gformInitPriceFields();}var current_page = jQuery('#gform_source_page_number_4').val();gformInitSpinner( 4, 'https:\/\/forumszombathely.hu\/wp-content\/plugins\/gravityforms\/images\/spinner.svg', true );jQuery(document).trigger('gform_page_loaded', [4, current_page]);window['gf_submitting_4'] = false;}else if(!is_redirect){var confirmation_content = jQuery(this).contents().find('.GF_AJAX_POSTBACK').html();if(!confirmation_content){confirmation_content = contents;}jQuery('#gform_wrapper_4').replaceWith(confirmation_content);jQuery(document).trigger('gform_confirmation_loaded', [4]);window['gf_submitting_4'] = false;wp.a11y.speak(jQuery('#gform_confirmation_message_4').text());}else{jQuery('#gform_4').append(contents);if(window['gformRedirect']) {gformRedirect();}}jQuery(document).trigger(\"gform_pre_post_render\", [{ formId: \"4\", currentPage: \"current_page\", abort: function() { this.preventDefault(); } }]);        if (event && event.defaultPrevented) {                return;        }        const gformWrapperDiv = document.getElementById( \"gform_wrapper_4\" );        if ( gformWrapperDiv ) {            const visibilitySpan = document.createElement( \"span\" );            visibilitySpan.id = \"gform_visibility_test_4\";            gformWrapperDiv.insertAdjacentElement( \"afterend\", visibilitySpan );        }        const visibilityTestDiv = document.getElementById( \"gform_visibility_test_4\" );        let postRenderFired = false;        function triggerPostRender() {            if ( postRenderFired ) {                return;            }            postRenderFired = true;            gform.core.triggerPostRenderEvents( 4, current_page );            if ( visibilityTestDiv ) {                visibilityTestDiv.parentNode.removeChild( visibilityTestDiv );            }        }        function debounce( func, wait, immediate ) {            var timeout;            return function() {                var context = this, args = arguments;                var later = function() {                    timeout = null;                    if ( !immediate ) func.apply( context, args );                };                var callNow = immediate && !timeout;                clearTimeout( timeout );                timeout = setTimeout( later, wait );                if ( callNow ) func.apply( context, args );            };        }        const debouncedTriggerPostRender = debounce( function() {            triggerPostRender();        }, 200 );        if ( visibilityTestDiv && visibilityTestDiv.offsetParent === null ) {            const observer = new MutationObserver( ( mutations ) => {                mutations.forEach( ( mutation ) => {                    if ( mutation.type === 'attributes' && visibilityTestDiv.offsetParent !== null ) {                        debouncedTriggerPostRender();                        observer.disconnect();                    }                });            });            observer.observe( document.body, {                attributes: true,                childList: false,                subtree: true,                attributeFilter: [ 'style', 'class' ],            });        } else {            triggerPostRender();        }    } );} ); \n\/* ]]> *\/\n<\/script>\n\n<p><img loading=\"lazy\" decoding=\"async\" class=\" wp-image-4476 aligncenter\" src=\"https:\/\/forumszombathely.hu\/wp-content\/uploads\/Savaria-300x199.jpg\" alt=\"\" width=\"538\" height=\"357\" srcset=\"https:\/\/forumszombathely.hu\/wp-content\/uploads\/Savaria-300x199.jpg 300w, https:\/\/forumszombathely.hu\/wp-content\/uploads\/Savaria-768x510.jpg 768w, https:\/\/forumszombathely.hu\/wp-content\/uploads\/Savaria.jpg 800w\" sizes=\"(max-width: 538px) 100vw, 538px\" \/><\/p>\n<p>&nbsp;<\/p>\n","protected":false},"excerpt":{"rendered":"<p>Wissen Sie, dass der Savaria Karneval bei uns veranstaltet wird? Die Behauptung von uns scheint ein kleines bisschen \u00fcbertrieben zu sein, aber der Hauptschauplatz des Savaria Historischen Karnevals ist tats\u00e4chlich in der 500 m Umgebung des Forum Restaurants&amp; Hotels zu finden.. Mehrere Tausende Touristen kommen j\u00e4hrlich in unsere Stadt und mindestens so viele Besucher aus [&hellip;]<\/p>\n","protected":false},"author":2,"featured_media":0,"parent":0,"menu_order":0,"comment_status":"closed","ping_status":"closed","template":"","meta":{"_et_pb_use_builder":"on","_et_pb_old_content":"","_et_gb_content_width":"","footnotes":""},"class_list":["post-4749","page","type-page","status-publish","hentry"],"yoast_head":"<!-- This site is optimized with the Yoast SEO plugin v27.5 - https:\/\/yoast.com\/product\/yoast-seo-wordpress\/ -->\n<title>Savaria Karneval - Forum Hotel ****<\/title>\n<meta name=\"robots\" content=\"index, follow, max-snippet:-1, max-image-preview:large, max-video-preview:-1\" \/>\n<link rel=\"canonical\" href=\"https:\/\/forumszombathely.hu\/de\/savaria-karneval\/\" \/>\n<meta property=\"og:locale\" content=\"de_DE\" \/>\n<meta property=\"og:type\" content=\"article\" \/>\n<meta property=\"og:title\" content=\"Savaria Karneval - Forum Hotel ****\" \/>\n<meta property=\"og:description\" content=\"Wissen Sie, dass der Savaria Karneval bei uns veranstaltet wird? Die Behauptung von uns scheint ein kleines bisschen \u00fcbertrieben zu sein, aber der Hauptschauplatz des Savaria Historischen Karnevals ist tats\u00e4chlich in der 500 m Umgebung des Forum Restaurants&amp; Hotels zu finden.. Mehrere Tausende Touristen kommen j\u00e4hrlich in unsere Stadt und mindestens so viele Besucher aus [&hellip;]\" \/>\n<meta property=\"og:url\" content=\"https:\/\/forumszombathely.hu\/de\/savaria-karneval\/\" \/>\n<meta property=\"og:site_name\" content=\"Forum Hotel ****\" \/>\n<meta property=\"article:modified_time\" content=\"2018-11-05T11:06:22+00:00\" \/>\n<meta property=\"og:image\" content=\"https:\/\/forumszombathely.hu\/wp-content\/uploads\/Savaria-300x199.jpg\" \/>\n<meta name=\"twitter:card\" content=\"summary_large_image\" \/>\n<meta name=\"twitter:label1\" content=\"Gesch\u00e4tzte Lesezeit\" \/>\n\t<meta name=\"twitter:data1\" content=\"1\u00a0Minute\" \/>\n<script type=\"application\/ld+json\" class=\"yoast-schema-graph\">{\"@context\":\"https:\\\/\\\/schema.org\",\"@graph\":[{\"@type\":\"WebPage\",\"@id\":\"https:\\\/\\\/forumszombathely.hu\\\/de\\\/savaria-karneval\\\/\",\"url\":\"https:\\\/\\\/forumszombathely.hu\\\/de\\\/savaria-karneval\\\/\",\"name\":\"Savaria Karneval - Forum Hotel ****\",\"isPartOf\":{\"@id\":\"https:\\\/\\\/forumszombathely.hu\\\/#website\"},\"primaryImageOfPage\":{\"@id\":\"https:\\\/\\\/forumszombathely.hu\\\/de\\\/savaria-karneval\\\/#primaryimage\"},\"image\":{\"@id\":\"https:\\\/\\\/forumszombathely.hu\\\/de\\\/savaria-karneval\\\/#primaryimage\"},\"thumbnailUrl\":\"https:\\\/\\\/forumszombathely.hu\\\/wp-content\\\/uploads\\\/Savaria-300x199.jpg\",\"datePublished\":\"2018-10-23T16:51:22+00:00\",\"dateModified\":\"2018-11-05T11:06:22+00:00\",\"breadcrumb\":{\"@id\":\"https:\\\/\\\/forumszombathely.hu\\\/de\\\/savaria-karneval\\\/#breadcrumb\"},\"inLanguage\":\"de\",\"potentialAction\":[{\"@type\":\"ReadAction\",\"target\":[\"https:\\\/\\\/forumszombathely.hu\\\/de\\\/savaria-karneval\\\/\"]}]},{\"@type\":\"ImageObject\",\"inLanguage\":\"de\",\"@id\":\"https:\\\/\\\/forumszombathely.hu\\\/de\\\/savaria-karneval\\\/#primaryimage\",\"url\":\"https:\\\/\\\/forumszombathely.hu\\\/wp-content\\\/uploads\\\/Savaria-300x199.jpg\",\"contentUrl\":\"https:\\\/\\\/forumszombathely.hu\\\/wp-content\\\/uploads\\\/Savaria-300x199.jpg\"},{\"@type\":\"BreadcrumbList\",\"@id\":\"https:\\\/\\\/forumszombathely.hu\\\/de\\\/savaria-karneval\\\/#breadcrumb\",\"itemListElement\":[{\"@type\":\"ListItem\",\"position\":1,\"name\":\"Home\",\"item\":\"https:\\\/\\\/forumszombathely.hu\\\/de\\\/\"},{\"@type\":\"ListItem\",\"position\":2,\"name\":\"Savaria Karneval\"}]},{\"@type\":\"WebSite\",\"@id\":\"https:\\\/\\\/forumszombathely.hu\\\/#website\",\"url\":\"https:\\\/\\\/forumszombathely.hu\\\/\",\"name\":\"Forum Hotel ****\",\"description\":\"Szombathely leg\u00fajabb \u00fczleti sz\u00e1llod\u00e1ja\",\"publisher\":{\"@id\":\"https:\\\/\\\/forumszombathely.hu\\\/#organization\"},\"potentialAction\":[{\"@type\":\"SearchAction\",\"target\":{\"@type\":\"EntryPoint\",\"urlTemplate\":\"https:\\\/\\\/forumszombathely.hu\\\/?s={search_term_string}\"},\"query-input\":{\"@type\":\"PropertyValueSpecification\",\"valueRequired\":true,\"valueName\":\"search_term_string\"}}],\"inLanguage\":\"de\"},{\"@type\":\"Organization\",\"@id\":\"https:\\\/\\\/forumszombathely.hu\\\/#organization\",\"name\":\"Forum \u00c9tterem \u00e9s Sz\u00e1lloda Szombathely\",\"url\":\"https:\\\/\\\/forumszombathely.hu\\\/\",\"logo\":{\"@type\":\"ImageObject\",\"inLanguage\":\"de\",\"@id\":\"https:\\\/\\\/forumszombathely.hu\\\/#\\\/schema\\\/logo\\\/image\\\/\",\"url\":\"https:\\\/\\\/forumszombathely.hu\\\/wp-content\\\/uploads\\\/forumszombathely-restaurant-de-share.jpg\",\"contentUrl\":\"https:\\\/\\\/forumszombathely.hu\\\/wp-content\\\/uploads\\\/forumszombathely-restaurant-de-share.jpg\",\"width\":1200,\"height\":628,\"caption\":\"Forum \u00c9tterem \u00e9s Sz\u00e1lloda Szombathely\"},\"image\":{\"@id\":\"https:\\\/\\\/forumszombathely.hu\\\/#\\\/schema\\\/logo\\\/image\\\/\"}}]}<\/script>\n<!-- \/ Yoast SEO plugin. -->","yoast_head_json":{"title":"Savaria Karneval - Forum Hotel ****","robots":{"index":"index","follow":"follow","max-snippet":"max-snippet:-1","max-image-preview":"max-image-preview:large","max-video-preview":"max-video-preview:-1"},"canonical":"https:\/\/forumszombathely.hu\/de\/savaria-karneval\/","og_locale":"de_DE","og_type":"article","og_title":"Savaria Karneval - Forum Hotel ****","og_description":"Wissen Sie, dass der Savaria Karneval bei uns veranstaltet wird? Die Behauptung von uns scheint ein kleines bisschen \u00fcbertrieben zu sein, aber der Hauptschauplatz des Savaria Historischen Karnevals ist tats\u00e4chlich in der 500 m Umgebung des Forum Restaurants&amp; Hotels zu finden.. Mehrere Tausende Touristen kommen j\u00e4hrlich in unsere Stadt und mindestens so viele Besucher aus [&hellip;]","og_url":"https:\/\/forumszombathely.hu\/de\/savaria-karneval\/","og_site_name":"Forum Hotel ****","article_modified_time":"2018-11-05T11:06:22+00:00","og_image":[{"url":"https:\/\/forumszombathely.hu\/wp-content\/uploads\/Savaria-300x199.jpg","type":"","width":"","height":""}],"twitter_card":"summary_large_image","twitter_misc":{"Gesch\u00e4tzte Lesezeit":"1\u00a0Minute"},"schema":{"@context":"https:\/\/schema.org","@graph":[{"@type":"WebPage","@id":"https:\/\/forumszombathely.hu\/de\/savaria-karneval\/","url":"https:\/\/forumszombathely.hu\/de\/savaria-karneval\/","name":"Savaria Karneval - Forum Hotel ****","isPartOf":{"@id":"https:\/\/forumszombathely.hu\/#website"},"primaryImageOfPage":{"@id":"https:\/\/forumszombathely.hu\/de\/savaria-karneval\/#primaryimage"},"image":{"@id":"https:\/\/forumszombathely.hu\/de\/savaria-karneval\/#primaryimage"},"thumbnailUrl":"https:\/\/forumszombathely.hu\/wp-content\/uploads\/Savaria-300x199.jpg","datePublished":"2018-10-23T16:51:22+00:00","dateModified":"2018-11-05T11:06:22+00:00","breadcrumb":{"@id":"https:\/\/forumszombathely.hu\/de\/savaria-karneval\/#breadcrumb"},"inLanguage":"de","potentialAction":[{"@type":"ReadAction","target":["https:\/\/forumszombathely.hu\/de\/savaria-karneval\/"]}]},{"@type":"ImageObject","inLanguage":"de","@id":"https:\/\/forumszombathely.hu\/de\/savaria-karneval\/#primaryimage","url":"https:\/\/forumszombathely.hu\/wp-content\/uploads\/Savaria-300x199.jpg","contentUrl":"https:\/\/forumszombathely.hu\/wp-content\/uploads\/Savaria-300x199.jpg"},{"@type":"BreadcrumbList","@id":"https:\/\/forumszombathely.hu\/de\/savaria-karneval\/#breadcrumb","itemListElement":[{"@type":"ListItem","position":1,"name":"Home","item":"https:\/\/forumszombathely.hu\/de\/"},{"@type":"ListItem","position":2,"name":"Savaria Karneval"}]},{"@type":"WebSite","@id":"https:\/\/forumszombathely.hu\/#website","url":"https:\/\/forumszombathely.hu\/","name":"Forum Hotel ****","description":"Szombathely leg\u00fajabb \u00fczleti sz\u00e1llod\u00e1ja","publisher":{"@id":"https:\/\/forumszombathely.hu\/#organization"},"potentialAction":[{"@type":"SearchAction","target":{"@type":"EntryPoint","urlTemplate":"https:\/\/forumszombathely.hu\/?s={search_term_string}"},"query-input":{"@type":"PropertyValueSpecification","valueRequired":true,"valueName":"search_term_string"}}],"inLanguage":"de"},{"@type":"Organization","@id":"https:\/\/forumszombathely.hu\/#organization","name":"Forum \u00c9tterem \u00e9s Sz\u00e1lloda Szombathely","url":"https:\/\/forumszombathely.hu\/","logo":{"@type":"ImageObject","inLanguage":"de","@id":"https:\/\/forumszombathely.hu\/#\/schema\/logo\/image\/","url":"https:\/\/forumszombathely.hu\/wp-content\/uploads\/forumszombathely-restaurant-de-share.jpg","contentUrl":"https:\/\/forumszombathely.hu\/wp-content\/uploads\/forumszombathely-restaurant-de-share.jpg","width":1200,"height":628,"caption":"Forum \u00c9tterem \u00e9s Sz\u00e1lloda Szombathely"},"image":{"@id":"https:\/\/forumszombathely.hu\/#\/schema\/logo\/image\/"}}]}},"_links":{"self":[{"href":"https:\/\/forumszombathely.hu\/de\/wp-json\/wp\/v2\/pages\/4749","targetHints":{"allow":["GET"]}}],"collection":[{"href":"https:\/\/forumszombathely.hu\/de\/wp-json\/wp\/v2\/pages"}],"about":[{"href":"https:\/\/forumszombathely.hu\/de\/wp-json\/wp\/v2\/types\/page"}],"author":[{"embeddable":true,"href":"https:\/\/forumszombathely.hu\/de\/wp-json\/wp\/v2\/users\/2"}],"replies":[{"embeddable":true,"href":"https:\/\/forumszombathely.hu\/de\/wp-json\/wp\/v2\/comments?post=4749"}],"version-history":[{"count":0,"href":"https:\/\/forumszombathely.hu\/de\/wp-json\/wp\/v2\/pages\/4749\/revisions"}],"wp:attachment":[{"href":"https:\/\/forumszombathely.hu\/de\/wp-json\/wp\/v2\/media?parent=4749"}],"curies":[{"name":"wp","href":"https:\/\/api.w.org\/{rel}","templated":true}]}}