{"id":4752,"date":"2018-10-20T19:55:21","date_gmt":"2018-10-20T17:55:21","guid":{"rendered":"https:\/\/forumszombathely.hu\/?page_id=4752"},"modified":"2019-01-28T15:05:50","modified_gmt":"2019-01-28T14:05:50","slug":"uebersavaria","status":"publish","type":"page","link":"https:\/\/forumszombathely.hu\/de\/uebersavaria\/","title":{"rendered":"Savaria"},"content":{"rendered":"<h2 style=\"text-align: center;\">Unser Zuhause &#8211; das pannonische Savaria<\/h2>\n<p>Alle Besucher, die in unsere Stadt kommen, erkennen sofort: wir Szombathelyer B\u00fcrger sind sehr stolz darauf, dass unser Wohnort eine der seit l\u00e4ngster Zeit bewohnten St\u00e4dte ist, &#8220; Savaria&#8220; wird beinahe seit 2000 Jahren durchgehend bewohnt &#8211; und sein Name wurde sogar im 19. Jahrhundert offiziell verwendet.<\/p>\n<p>Das ist \u00fcber den Stolz hinaus auch eine Art Lebensgef\u00fchl f\u00fcr uns, zwar vorwiegend nicht im Alltag. Unser Karneval bedeutet Feiertage der Freude auch f\u00fcr die hier Lebenden, wir k\u00f6nnen es kaum erwarten, die Stimmung der R\u00f6merzeit gemeinsam zu erleben und den Bestand unserer Stadt zusammen zu feiern.<\/p>\n<h6>Pannonien<\/h6>\n<p>Es w\u00fcrde sehr lange dauern, alle V\u00f6lker und St\u00e4mme aufzulisten, die bereits vor Ankunft der r\u00f6mischen Legionen auf dem Gebiet gelebt hatten. Illierer, Pannonier, Azali, Kelten ,Daker besiedelten das Territorium, das von den ziemlich hochm\u00fctigen R\u00f6mern f\u00fcr unzivilisiert, unanbaubar und uninteressant gehalten wurde. Dieses Desinteresse ver\u00e4nderte sich im 1. Jahrhundert v.u.Z., als die Entscheidungstr\u00e4ger des sich ausbreitenden Reiches einsahen: Pannonien k\u00f6nne eine wichtige Br\u00fccke zwischen Rom und der Balkanhalbinsel sowie aus kaufm\u00e4nnischen Gr\u00fcnden k\u00f6nne es ein wichtiges Bindeglied zwischen Norden und S\u00fcden sein.<i> <\/i><\/p>\n<p>Es w\u00fcrde sehr lange dauern, alle V\u00f6lker und St\u00e4mme aufzulisten, die bereits vor Ankunft der r\u00f6mischen Legionen auf dem Gebiet gelebt hatten. Illierer, Pannonier, Azali, Kelten ,Daker besiedelten das Territorium, das von den ziemlich hochm\u00fctigen R\u00f6mern f\u00fcr unzivilisiert, unanbaubar und uninteressant gehalten wurde. Dieses Desinteresse ver\u00e4nderte sich im 1. Jahrhundert v.u.Z., als die Entscheidungstr\u00e4ger des sich ausbreitenden Reiches einsahen: Pannonien k\u00f6nne eine wichtige Br\u00fccke zwischen Rom und der Balkanhalbinsel sowie aus kaufm\u00e4nnischen Gr\u00fcnden k\u00f6nne es ein wichtiges Bindeglied zwischen Norden und S\u00fcden sein.<\/p>\n<p>Die Gestaltung von Savaria zur Provinz ist mit dem Namen und der Herrschaft des Kaisers Claudius verbunden, der auch unsere Stadt Savaria gegr\u00fcndet hatte.<\/p>\n<p>Die Provinz umfasste grunds\u00e4tzlich das heutige Pannonien, manche Teile Sloweniens, Kroatiens sowie \u00d6sterreichs. Mit der Zeit wurde die Provinz in zwei, in den sp\u00e4teren Jahren in vier Teile geteilt. Pannonien verf\u00fcgte aus heutiger Sicht betrachtend vielleicht \u00fcber \u00fcberraschend viele St\u00e4dte,es gab etwa 50-60 Siedlungen auf dem Gebiet,die eine regionale Rolle und betonte Wichtigkeit besa\u00dfen. Das Territorium versah die Rolle der Schutzbastei des Reiches, ohne besondere wirtschaftliche und kulturelle Bedeutung. Der gr\u00f6\u00dfte Teil der Bev\u00f6lkerung besch\u00e4ftigte sich mit Kriegf\u00fchrung. Es gab Zeiten, wo sogar vier Legionen auf dem Gebiet stationierten.<\/p>\n<p>Pannonien fungierte als Au\u00dfenprovinz und stand unter der F\u00fchrung des kaiserlichen Prokonsuls (legati augusti propraetor). Die Hauptstadt war Carnuntum (die heutige Marktgemeinde namens Bad Deutsch-Altenburg). Die N\u00e4he Italiens erlegte der Provinz eine wichtige Rolle auf. Die Besatzungstruppe der Provinz zeigte sich zuerst w\u00e4hrend der B\u00fcrgerkrieges in den Jahren 68-69 als Faktor f\u00fcr Kaiserkr\u00f6nung, sie brachte n\u00e4mlich den ersten Herrscher der Flavius-Dynastie namens Vespanius an die Macht. Zahlreiche Kaiser statteten sowohl in Pannonien als auch in Savaria einen Besuch, u.a. Marcus Aurelius und sein Sohn ( wir k\u00f6nnen die beiden aus dem Film&#8220; Gladiator&#8220; kennen), Septimus Severus, Kaiser Probus und der sp\u00e4tere Tourser Bischoff namens Sankt Martin erblickten hier das Tageslicht genauso, wie die weniger bekannten urchristlichen Heiligen Quirius, Rutilus und Ireaenus.<\/p>\n<p>Die Einbr\u00fcche der Barbaren waren im 4. Jahrhundert immer h\u00e4ufiger, im Jahre 433 wurde das Gebiet endg\u00fcltig ein Teil des Hunnenreiches.<\/p>\n<h6>Savaria &#8211; Die K\u00f6nigin des Westens<\/h6>\n<p>Die seit Urzeiten bewohnte Siedlung wurde in Folge der kontinuierlichen Niederlassung von Soldaten und Kaufleuten immer gr\u00f6\u00dfer, doch entwickelte sie sich zu einer richtigen Stadt erst dann, als sie &#8211; anhand der Schriften von Plinius- vom Kaiser Claudius im Jahre 43 n.Chr. zur Kolonie erhoben wurde. Von nun an hei\u00dft die Siedlung Colonia Claudia Sabariensum.<\/p>\n<p>&nbsp;<\/p>\n<div id=\"attachment_4281\" style=\"width: 810px\" class=\"wp-caption aligncenter\"><img loading=\"lazy\" decoding=\"async\" aria-describedby=\"caption-attachment-4281\" class=\"wp-image-4281 size-full\" src=\"https:\/\/forumszombathely.hu\/wp-content\/uploads\/800px-Sabaria_R\u00f3mai_v\u00e1laszt\u00f3polg\u00e1rok_jegyz\u00e9ke.jpg\" alt=\"\" width=\"800\" height=\"664\" srcset=\"https:\/\/forumszombathely.hu\/wp-content\/uploads\/800px-Sabaria_R\u00f3mai_v\u00e1laszt\u00f3polg\u00e1rok_jegyz\u00e9ke.jpg 800w, https:\/\/forumszombathely.hu\/wp-content\/uploads\/800px-Sabaria_R\u00f3mai_v\u00e1laszt\u00f3polg\u00e1rok_jegyz\u00e9ke-300x249.jpg 300w, https:\/\/forumszombathely.hu\/wp-content\/uploads\/800px-Sabaria_R\u00f3mai_v\u00e1laszt\u00f3polg\u00e1rok_jegyz\u00e9ke-768x637.jpg 768w\" sizes=\"(max-width: 800px) 100vw, 800px\" \/><p id=\"caption-attachment-4281\" class=\"wp-caption-text\">A v\u00e1ros lak\u00f3nak n\u00e9vjegyz\u00e9ke<\/p><\/div>\n<p>Die Bewohner von Savaria f\u00fchrten eine echte r\u00f6mische Lebensweise, die Gesellschaft bestand einerseits aus verh\u00e4ltnism\u00e4\u00dfig wenigen \u00f6rtlichen Einwohnern, andererseits abger\u00fcsteten Legion\u00e4ren, die sich als Veteranen mit Handwerk, Handel und Landwirtschaft besch\u00e4ftigten. Das Wasserleitungssystem f\u00fchrte weit in der ganzen Stadt, was auch ein sprechender Beweis f\u00fcr die Spuren der altert\u00fcmlichen r\u00f6mischen Zivilisation ist.<\/p>\n<p>Eine Gehminute von unserem Geb\u00e4ude befindet sie die Sparkassenfiliale OTP, die uns durch den Glasboden der Empfangshalle in den Alltag des einstigen Savaria Einblicke erm\u00f6glicht, so ist das Bankgeb\u00e4ude sogar eine Touristenattraktion!<\/p>\n<p><img loading=\"lazy\" decoding=\"async\" class=\"wp-image-4289 aligncenter\" src=\"https:\/\/forumszombathely.hu\/wp-content\/uploads\/800px-Savaria_Borosty\u00e1nk\u0151_\u00fat_OTP-300x225.jpg\" alt=\"\" width=\"408\" height=\"306\" srcset=\"https:\/\/forumszombathely.hu\/wp-content\/uploads\/800px-Savaria_Borosty\u00e1nk\u0151_\u00fat_OTP-300x225.jpg 300w, https:\/\/forumszombathely.hu\/wp-content\/uploads\/800px-Savaria_Borosty\u00e1nk\u0151_\u00fat_OTP-768x576.jpg 768w, https:\/\/forumszombathely.hu\/wp-content\/uploads\/800px-Savaria_Borosty\u00e1nk\u0151_\u00fat_OTP-400x300.jpg 400w, https:\/\/forumszombathely.hu\/wp-content\/uploads\/800px-Savaria_Borosty\u00e1nk\u0151_\u00fat_OTP.jpg 800w\" sizes=\"(max-width: 408px) 100vw, 408px\" \/><\/p>\n<p>Das Isis-Heiligtum und die dazu geh\u00f6rende Tempelgruppe waren die wichtigsten religi\u00f6sen Bauten der Stadt, an deren Platz heute die Austellung der Iseum Savariense Arch\u00e4ologischen Kultst\u00e4tte zu sehen ist. Die Religiosit\u00e4t ,die damals den Alltag des antiken Menschen voll und ganz bestimmte, l\u00e4sst sich mit Hilfe von Hintergrundfilmen, Audiof\u00fchrungen sowie interaktiven 3D-Modellen und lebendiger Innenarchitektur verstehen. Der Tempel wurde in den 350-er Jahren von den R\u00f6mern selbst abgerissen und ein christlicher Friedhof wurde an der Stelle des heidnischen Tempels errichtet.<\/p>\n<p>&nbsp;<\/p>\n<p><span id=\"Ki\u00e1ll\u00edt\u00e1sok\" class=\"mw-headline\">Ausstellungen:<\/span><\/p>\n<ul>\n<li>Im Savaria Museum besch\u00e4ftigt sich eine permanente Ausstellung mit der altert\u00fcmlichen Geschichte der Stadt.<\/li>\n<li>Das wiederaufgebaute Iseum: au\u00dferhalb des Tempelgeb\u00e4udes wurde auch ein Ausstellungsbereich errichtet bzw. die Strecke der Bernsteinstra\u00dfe vor dem Tempel ist auch zu sehen &#8211; 2 Minuten von uns entfernt.<\/li>\n<li>Der nach J\u00e1rd\u00e1nyi-Paulovics Istv\u00e1n benannte Ruinengarten ( hinter der Kathedrale): der kaiserliche Palast, mehrere Stra\u00dfen, Handwerkst\u00e4tte, Wohnh\u00e4user und eine altchristliche dreifache Cella.<\/li>\n<li>Stra\u00dfenkreuzung unter der OTP-Sparkassenfiliale auf dem Hauptplatz<\/li>\n<li>Eine Strecke der Wasserleitung am Bucsuer Abzweig der Hauptstra\u00dfe 89<\/li>\n<\/ul>\n<p>Die wichtigsten Sehensw\u00fcrdigkeiten der Stadt:<\/p>\n<p><img loading=\"lazy\" decoding=\"async\" class=\"aligncenter wp-image-4285 size-large\" src=\"https:\/\/forumszombathely.hu\/wp-content\/uploads\/szombathely-nevezetess\u00e9gei-724x1024.jpg\" alt=\"\" width=\"724\" height=\"1024\" srcset=\"https:\/\/forumszombathely.hu\/wp-content\/uploads\/szombathely-nevezetess\u00e9gei-724x1024.jpg 724w, https:\/\/forumszombathely.hu\/wp-content\/uploads\/szombathely-nevezetess\u00e9gei-212x300.jpg 212w, https:\/\/forumszombathely.hu\/wp-content\/uploads\/szombathely-nevezetess\u00e9gei-768x1086.jpg 768w, https:\/\/forumszombathely.hu\/wp-content\/uploads\/szombathely-nevezetess\u00e9gei.jpg 764w\" sizes=\"(max-width: 724px) 100vw, 724px\" \/><\/p>\n<h6>Quelle: Wikipedia, szombathelypont.hu<\/h6>\n","protected":false},"excerpt":{"rendered":"<p>Unser Zuhause &#8211; das pannonische Savaria Alle Besucher, die in unsere Stadt kommen, erkennen sofort: wir Szombathelyer B\u00fcrger sind sehr stolz darauf, dass unser Wohnort eine der seit l\u00e4ngster Zeit bewohnten St\u00e4dte ist, &#8220; Savaria&#8220; wird beinahe seit 2000 Jahren durchgehend bewohnt &#8211; und sein Name wurde sogar im 19. Jahrhundert offiziell verwendet. Das ist [&hellip;]<\/p>\n","protected":false},"author":2,"featured_media":0,"parent":0,"menu_order":0,"comment_status":"closed","ping_status":"closed","template":"","meta":{"_et_pb_use_builder":"","_et_pb_old_content":"","_et_gb_content_width":"","footnotes":""},"class_list":["post-4752","page","type-page","status-publish","hentry"],"yoast_head":"<!-- This site is optimized with the Yoast SEO plugin v27.2 - https:\/\/yoast.com\/product\/yoast-seo-wordpress\/ -->\n<title>Savaria - Forum Hotel ****<\/title>\n<meta name=\"robots\" content=\"index, follow, max-snippet:-1, max-image-preview:large, max-video-preview:-1\" \/>\n<link rel=\"canonical\" href=\"https:\/\/forumszombathely.hu\/de\/uebersavaria\/\" \/>\n<meta property=\"og:locale\" content=\"de_DE\" \/>\n<meta property=\"og:type\" content=\"article\" \/>\n<meta property=\"og:title\" content=\"Savaria - Forum Hotel ****\" \/>\n<meta property=\"og:description\" content=\"Unser Zuhause &#8211; das pannonische Savaria Alle Besucher, die in unsere Stadt kommen, erkennen sofort: wir Szombathelyer B\u00fcrger sind sehr stolz darauf, dass unser Wohnort eine der seit l\u00e4ngster Zeit bewohnten St\u00e4dte ist, &#8220; Savaria&#8220; wird beinahe seit 2000 Jahren durchgehend bewohnt &#8211; und sein Name wurde sogar im 19. Jahrhundert offiziell verwendet. Das ist [&hellip;]\" \/>\n<meta property=\"og:url\" content=\"https:\/\/forumszombathely.hu\/de\/uebersavaria\/\" \/>\n<meta property=\"og:site_name\" content=\"Forum Hotel ****\" \/>\n<meta property=\"article:modified_time\" content=\"2019-01-28T14:05:50+00:00\" \/>\n<meta property=\"og:image\" content=\"https:\/\/forumszombathely.hu\/wp-content\/uploads\/800px-Sabaria_R\u00f3mai_v\u00e1laszt\u00f3polg\u00e1rok_jegyz\u00e9ke.jpg\" \/>\n<meta name=\"twitter:card\" content=\"summary_large_image\" \/>\n<meta name=\"twitter:label1\" content=\"Gesch\u00e4tzte Lesezeit\" \/>\n\t<meta name=\"twitter:data1\" content=\"5\u00a0Minuten\" \/>\n<script type=\"application\/ld+json\" class=\"yoast-schema-graph\">{\"@context\":\"https:\/\/schema.org\",\"@graph\":[{\"@type\":\"WebPage\",\"@id\":\"https:\/\/forumszombathely.hu\/de\/uebersavaria\/\",\"url\":\"https:\/\/forumszombathely.hu\/de\/uebersavaria\/\",\"name\":\"Savaria - Forum Hotel ****\",\"isPartOf\":{\"@id\":\"https:\/\/forumszombathely.hu\/#website\"},\"datePublished\":\"2018-10-20T17:55:21+00:00\",\"dateModified\":\"2019-01-28T14:05:50+00:00\",\"breadcrumb\":{\"@id\":\"https:\/\/forumszombathely.hu\/de\/uebersavaria\/#breadcrumb\"},\"inLanguage\":\"de\",\"potentialAction\":[{\"@type\":\"ReadAction\",\"target\":[\"https:\/\/forumszombathely.hu\/de\/uebersavaria\/\"]}]},{\"@type\":\"BreadcrumbList\",\"@id\":\"https:\/\/forumszombathely.hu\/de\/uebersavaria\/#breadcrumb\",\"itemListElement\":[{\"@type\":\"ListItem\",\"position\":1,\"name\":\"Home\",\"item\":\"https:\/\/forumszombathely.hu\/de\/\"},{\"@type\":\"ListItem\",\"position\":2,\"name\":\"Savaria\"}]},{\"@type\":\"WebSite\",\"@id\":\"https:\/\/forumszombathely.hu\/#website\",\"url\":\"https:\/\/forumszombathely.hu\/\",\"name\":\"Forum Hotel ****\",\"description\":\"Szombathely leg\u00fajabb \u00fczleti sz\u00e1llod\u00e1ja\",\"publisher\":{\"@id\":\"https:\/\/forumszombathely.hu\/#organization\"},\"potentialAction\":[{\"@type\":\"SearchAction\",\"target\":{\"@type\":\"EntryPoint\",\"urlTemplate\":\"https:\/\/forumszombathely.hu\/?s={search_term_string}\"},\"query-input\":{\"@type\":\"PropertyValueSpecification\",\"valueRequired\":true,\"valueName\":\"search_term_string\"}}],\"inLanguage\":\"de\"},{\"@type\":\"Organization\",\"@id\":\"https:\/\/forumszombathely.hu\/#organization\",\"name\":\"Forum \u00c9tterem \u00e9s Sz\u00e1lloda Szombathely\",\"url\":\"https:\/\/forumszombathely.hu\/\",\"logo\":{\"@type\":\"ImageObject\",\"inLanguage\":\"de\",\"@id\":\"https:\/\/forumszombathely.hu\/#\/schema\/logo\/image\/\",\"url\":\"https:\/\/forumszombathely.hu\/wp-content\/uploads\/forumszombathely-restaurant-de-share.jpg\",\"contentUrl\":\"https:\/\/forumszombathely.hu\/wp-content\/uploads\/forumszombathely-restaurant-de-share.jpg\",\"width\":1200,\"height\":628,\"caption\":\"Forum \u00c9tterem \u00e9s Sz\u00e1lloda Szombathely\"},\"image\":{\"@id\":\"https:\/\/forumszombathely.hu\/#\/schema\/logo\/image\/\"}}]}<\/script>\n<!-- \/ Yoast SEO plugin. -->","yoast_head_json":{"title":"Savaria - Forum Hotel ****","robots":{"index":"index","follow":"follow","max-snippet":"max-snippet:-1","max-image-preview":"max-image-preview:large","max-video-preview":"max-video-preview:-1"},"canonical":"https:\/\/forumszombathely.hu\/de\/uebersavaria\/","og_locale":"de_DE","og_type":"article","og_title":"Savaria - Forum Hotel ****","og_description":"Unser Zuhause &#8211; das pannonische Savaria Alle Besucher, die in unsere Stadt kommen, erkennen sofort: wir Szombathelyer B\u00fcrger sind sehr stolz darauf, dass unser Wohnort eine der seit l\u00e4ngster Zeit bewohnten St\u00e4dte ist, &#8220; Savaria&#8220; wird beinahe seit 2000 Jahren durchgehend bewohnt &#8211; und sein Name wurde sogar im 19. Jahrhundert offiziell verwendet. Das ist [&hellip;]","og_url":"https:\/\/forumszombathely.hu\/de\/uebersavaria\/","og_site_name":"Forum Hotel ****","article_modified_time":"2019-01-28T14:05:50+00:00","og_image":[{"url":"https:\/\/forumszombathely.hu\/wp-content\/uploads\/800px-Sabaria_R\u00f3mai_v\u00e1laszt\u00f3polg\u00e1rok_jegyz\u00e9ke.jpg","type":"","width":"","height":""}],"twitter_card":"summary_large_image","twitter_misc":{"Gesch\u00e4tzte Lesezeit":"5\u00a0Minuten"},"schema":{"@context":"https:\/\/schema.org","@graph":[{"@type":"WebPage","@id":"https:\/\/forumszombathely.hu\/de\/uebersavaria\/","url":"https:\/\/forumszombathely.hu\/de\/uebersavaria\/","name":"Savaria - Forum Hotel ****","isPartOf":{"@id":"https:\/\/forumszombathely.hu\/#website"},"datePublished":"2018-10-20T17:55:21+00:00","dateModified":"2019-01-28T14:05:50+00:00","breadcrumb":{"@id":"https:\/\/forumszombathely.hu\/de\/uebersavaria\/#breadcrumb"},"inLanguage":"de","potentialAction":[{"@type":"ReadAction","target":["https:\/\/forumszombathely.hu\/de\/uebersavaria\/"]}]},{"@type":"BreadcrumbList","@id":"https:\/\/forumszombathely.hu\/de\/uebersavaria\/#breadcrumb","itemListElement":[{"@type":"ListItem","position":1,"name":"Home","item":"https:\/\/forumszombathely.hu\/de\/"},{"@type":"ListItem","position":2,"name":"Savaria"}]},{"@type":"WebSite","@id":"https:\/\/forumszombathely.hu\/#website","url":"https:\/\/forumszombathely.hu\/","name":"Forum Hotel ****","description":"Szombathely leg\u00fajabb \u00fczleti sz\u00e1llod\u00e1ja","publisher":{"@id":"https:\/\/forumszombathely.hu\/#organization"},"potentialAction":[{"@type":"SearchAction","target":{"@type":"EntryPoint","urlTemplate":"https:\/\/forumszombathely.hu\/?s={search_term_string}"},"query-input":{"@type":"PropertyValueSpecification","valueRequired":true,"valueName":"search_term_string"}}],"inLanguage":"de"},{"@type":"Organization","@id":"https:\/\/forumszombathely.hu\/#organization","name":"Forum \u00c9tterem \u00e9s Sz\u00e1lloda Szombathely","url":"https:\/\/forumszombathely.hu\/","logo":{"@type":"ImageObject","inLanguage":"de","@id":"https:\/\/forumszombathely.hu\/#\/schema\/logo\/image\/","url":"https:\/\/forumszombathely.hu\/wp-content\/uploads\/forumszombathely-restaurant-de-share.jpg","contentUrl":"https:\/\/forumszombathely.hu\/wp-content\/uploads\/forumszombathely-restaurant-de-share.jpg","width":1200,"height":628,"caption":"Forum \u00c9tterem \u00e9s Sz\u00e1lloda Szombathely"},"image":{"@id":"https:\/\/forumszombathely.hu\/#\/schema\/logo\/image\/"}}]}},"_links":{"self":[{"href":"https:\/\/forumszombathely.hu\/de\/wp-json\/wp\/v2\/pages\/4752","targetHints":{"allow":["GET"]}}],"collection":[{"href":"https:\/\/forumszombathely.hu\/de\/wp-json\/wp\/v2\/pages"}],"about":[{"href":"https:\/\/forumszombathely.hu\/de\/wp-json\/wp\/v2\/types\/page"}],"author":[{"embeddable":true,"href":"https:\/\/forumszombathely.hu\/de\/wp-json\/wp\/v2\/users\/2"}],"replies":[{"embeddable":true,"href":"https:\/\/forumszombathely.hu\/de\/wp-json\/wp\/v2\/comments?post=4752"}],"version-history":[{"count":0,"href":"https:\/\/forumszombathely.hu\/de\/wp-json\/wp\/v2\/pages\/4752\/revisions"}],"wp:attachment":[{"href":"https:\/\/forumszombathely.hu\/de\/wp-json\/wp\/v2\/media?parent=4752"}],"curies":[{"name":"wp","href":"https:\/\/api.w.org\/{rel}","templated":true}]}}