{"id":4768,"date":"2018-10-29T12:08:47","date_gmt":"2018-10-29T11:08:47","guid":{"rendered":"https:\/\/forumszombathely.hu\/?page_id=4768"},"modified":"2019-11-13T12:43:21","modified_gmt":"2019-11-13T11:43:21","slug":"zimmerpreise","status":"publish","type":"page","link":"https:\/\/forumszombathely.hu\/de\/zimmerpreise\/","title":{"rendered":"Zimmerpreise"},"content":{"rendered":"<h2 style=\"text-align: center;\">2019. ZIMMERPREISE<\/h2>\n<p>[gdlr_price_table columns=&#8220;2&#8243; ]<br \/>\n[gdlr_tab title=&#8220;STANDARD ZIMMER.&#8220; price=&#8220;ZIMMERPREIS&#8220; link=&#8220;\/szobafoglalas\/&#8220; ]<\/p>\n<ul>\n<li><strong>ab 20 990 Ft<\/strong><\/li>\n<\/ul>\n<p>[\/gdlr_tab]<br \/>\n[gdlr_tab title=&#8220;SUPERIOR ZIMMER&#8220; price=&#8220;ZIMMERPREIS&#8220; link=&#8220;\/szobafoglalas\/&#8220; ]<\/p>\n<ul>\n<li><strong>ab 22 990 Ft<\/strong><\/li>\n<\/ul>\n<p>[\/gdlr_tab]<br \/>\n[\/gdlr_price_table]<\/p>\n<h2 style=\"text-align: center;\">2019. SOMMER UND WOCHENENDE PREISE<\/h2>\n<p>[gdlr_price_table columns=&#8220;2&#8243; ]<br \/>\n[gdlr_tab title=&#8220;STANDARD ZIMMER.&#8220; price=&#8220;ZIMMERPREIS&#8220; link=&#8220;\/szobafoglalas\/&#8220; ]<\/p>\n<ul>\n<li><strong>ab 22 490 Ft<\/strong><\/li>\n<\/ul>\n<p>[\/gdlr_tab]<br \/>\n[gdlr_tab title=&#8220;SUPERIOR ZIMMER&#8220; price=&#8220;ZIMMERPREIS &#8220; link=&#8220;\/szobafoglalas\/&#8220; ]<\/p>\n<ul>\n<li><strong>ab 24 490 Ft<\/strong><\/li>\n<\/ul>\n<p>[\/gdlr_tab]<br \/>\n[\/gdlr_price_table]<\/p>\n<h2 style=\"text-align: center;\">ANDERE PREISE<\/h2>\n<p style=\"text-align: center;\"><strong>Fr\u00fchst\u00fcck:\u00a0<\/strong> 1 500 Ft \/ Person<\/p>\n<p style=\"text-align: center;\"><strong>Halbpansion:<\/strong> 3 600 Ft \/ Person<\/p>\n<p style=\"text-align: center;\"><strong>Parkplatz:<\/strong>\u00a01 000 Ft \/ PKW \/ Nacht<\/p>\n<p style=\"text-align: center;\"><strong>Kurtaxe:<\/strong> 420 Ft \/ Person \/ Nacht<\/p>\n<pre><\/pre>\n","protected":false},"excerpt":{"rendered":"<p>2019. ZIMMERPREISE [gdlr_price_table columns=&#8220;2&#8243; ] [gdlr_tab title=&#8220;STANDARD ZIMMER.&#8220; price=&#8220;ZIMMERPREIS&#8220; link=&#8220;\/szobafoglalas\/&#8220; ] ab 20 990 Ft [\/gdlr_tab] [gdlr_tab title=&#8220;SUPERIOR ZIMMER&#8220; price=&#8220;ZIMMERPREIS&#8220; link=&#8220;\/szobafoglalas\/&#8220; ] ab 22 990 Ft [\/gdlr_tab] [\/gdlr_price_table] 2019. SOMMER UND WOCHENENDE PREISE [gdlr_price_table columns=&#8220;2&#8243; ] [gdlr_tab title=&#8220;STANDARD ZIMMER.&#8220; price=&#8220;ZIMMERPREIS&#8220; link=&#8220;\/szobafoglalas\/&#8220; ] ab 22 490 Ft [\/gdlr_tab] [gdlr_tab title=&#8220;SUPERIOR ZIMMER&#8220; price=&#8220;ZIMMERPREIS &#8220; link=&#8220;\/szobafoglalas\/&#8220; ] ab [&hellip;]<\/p>\n","protected":false},"author":1,"featured_media":0,"parent":0,"menu_order":0,"comment_status":"closed","ping_status":"closed","template":"","meta":{"_et_pb_use_builder":"","_et_pb_old_content":"","_et_gb_content_width":"","footnotes":""},"class_list":["post-4768","page","type-page","status-publish","hentry"],"yoast_head":"<!-- This site is optimized with the Yoast SEO plugin v27.2 - https:\/\/yoast.com\/product\/yoast-seo-wordpress\/ -->\n<title>Zimmerpreise - Forum Hotel ****<\/title>\n<meta name=\"robots\" content=\"index, follow, max-snippet:-1, max-image-preview:large, max-video-preview:-1\" \/>\n<link rel=\"canonical\" href=\"https:\/\/forumszombathely.hu\/de\/zimmerpreise\/\" \/>\n<meta property=\"og:locale\" content=\"de_DE\" \/>\n<meta property=\"og:type\" content=\"article\" \/>\n<meta property=\"og:title\" content=\"Zimmerpreise - Forum Hotel ****\" \/>\n<meta property=\"og:description\" content=\"2019. ZIMMERPREISE [gdlr_price_table columns=&#8220;2&#8243; ] [gdlr_tab title=&#8220;STANDARD ZIMMER.&#8220; price=&#8220;ZIMMERPREIS&#8220; link=&#8220;\/szobafoglalas\/&#8220; ] ab 20 990 Ft [\/gdlr_tab] [gdlr_tab title=&#8220;SUPERIOR ZIMMER&#8220; price=&#8220;ZIMMERPREIS&#8220; link=&#8220;\/szobafoglalas\/&#8220; ] ab 22 990 Ft [\/gdlr_tab] [\/gdlr_price_table] 2019. SOMMER UND WOCHENENDE PREISE [gdlr_price_table columns=&#8220;2&#8243; ] [gdlr_tab title=&#8220;STANDARD ZIMMER.&#8220; price=&#8220;ZIMMERPREIS&#8220; link=&#8220;\/szobafoglalas\/&#8220; ] ab 22 490 Ft [\/gdlr_tab] [gdlr_tab title=&#8220;SUPERIOR ZIMMER&#8220; price=&#8220;ZIMMERPREIS &#8220; link=&#8220;\/szobafoglalas\/&#8220; ] ab [&hellip;]\" \/>\n<meta property=\"og:url\" content=\"https:\/\/forumszombathely.hu\/de\/zimmerpreise\/\" \/>\n<meta property=\"og:site_name\" content=\"Forum Hotel ****\" \/>\n<meta property=\"article:modified_time\" content=\"2019-11-13T11:43:21+00:00\" \/>\n<meta name=\"twitter:card\" content=\"summary_large_image\" \/>\n<script type=\"application\/ld+json\" class=\"yoast-schema-graph\">{\"@context\":\"https:\/\/schema.org\",\"@graph\":[{\"@type\":\"WebPage\",\"@id\":\"https:\/\/forumszombathely.hu\/de\/zimmerpreise\/\",\"url\":\"https:\/\/forumszombathely.hu\/de\/zimmerpreise\/\",\"name\":\"Zimmerpreise - Forum Hotel ****\",\"isPartOf\":{\"@id\":\"https:\/\/forumszombathely.hu\/#website\"},\"datePublished\":\"2018-10-29T11:08:47+00:00\",\"dateModified\":\"2019-11-13T11:43:21+00:00\",\"breadcrumb\":{\"@id\":\"https:\/\/forumszombathely.hu\/de\/zimmerpreise\/#breadcrumb\"},\"inLanguage\":\"de\",\"potentialAction\":[{\"@type\":\"ReadAction\",\"target\":[\"https:\/\/forumszombathely.hu\/de\/zimmerpreise\/\"]}]},{\"@type\":\"BreadcrumbList\",\"@id\":\"https:\/\/forumszombathely.hu\/de\/zimmerpreise\/#breadcrumb\",\"itemListElement\":[{\"@type\":\"ListItem\",\"position\":1,\"name\":\"Home\",\"item\":\"https:\/\/forumszombathely.hu\/de\/\"},{\"@type\":\"ListItem\",\"position\":2,\"name\":\"Zimmerpreise\"}]},{\"@type\":\"WebSite\",\"@id\":\"https:\/\/forumszombathely.hu\/#website\",\"url\":\"https:\/\/forumszombathely.hu\/\",\"name\":\"Forum Hotel ****\",\"description\":\"Szombathely leg\u00fajabb \u00fczleti sz\u00e1llod\u00e1ja\",\"publisher\":{\"@id\":\"https:\/\/forumszombathely.hu\/#organization\"},\"potentialAction\":[{\"@type\":\"SearchAction\",\"target\":{\"@type\":\"EntryPoint\",\"urlTemplate\":\"https:\/\/forumszombathely.hu\/?s={search_term_string}\"},\"query-input\":{\"@type\":\"PropertyValueSpecification\",\"valueRequired\":true,\"valueName\":\"search_term_string\"}}],\"inLanguage\":\"de\"},{\"@type\":\"Organization\",\"@id\":\"https:\/\/forumszombathely.hu\/#organization\",\"name\":\"Forum \u00c9tterem \u00e9s Sz\u00e1lloda Szombathely\",\"url\":\"https:\/\/forumszombathely.hu\/\",\"logo\":{\"@type\":\"ImageObject\",\"inLanguage\":\"de\",\"@id\":\"https:\/\/forumszombathely.hu\/#\/schema\/logo\/image\/\",\"url\":\"https:\/\/forumszombathely.hu\/wp-content\/uploads\/forumszombathely-restaurant-de-share.jpg\",\"contentUrl\":\"https:\/\/forumszombathely.hu\/wp-content\/uploads\/forumszombathely-restaurant-de-share.jpg\",\"width\":1200,\"height\":628,\"caption\":\"Forum \u00c9tterem \u00e9s Sz\u00e1lloda Szombathely\"},\"image\":{\"@id\":\"https:\/\/forumszombathely.hu\/#\/schema\/logo\/image\/\"}}]}<\/script>\n<!-- \/ Yoast SEO plugin. -->","yoast_head_json":{"title":"Zimmerpreise - Forum Hotel ****","robots":{"index":"index","follow":"follow","max-snippet":"max-snippet:-1","max-image-preview":"max-image-preview:large","max-video-preview":"max-video-preview:-1"},"canonical":"https:\/\/forumszombathely.hu\/de\/zimmerpreise\/","og_locale":"de_DE","og_type":"article","og_title":"Zimmerpreise - Forum Hotel ****","og_description":"2019. ZIMMERPREISE [gdlr_price_table columns=&#8220;2&#8243; ] [gdlr_tab title=&#8220;STANDARD ZIMMER.&#8220; price=&#8220;ZIMMERPREIS&#8220; link=&#8220;\/szobafoglalas\/&#8220; ] ab 20 990 Ft [\/gdlr_tab] [gdlr_tab title=&#8220;SUPERIOR ZIMMER&#8220; price=&#8220;ZIMMERPREIS&#8220; link=&#8220;\/szobafoglalas\/&#8220; ] ab 22 990 Ft [\/gdlr_tab] [\/gdlr_price_table] 2019. SOMMER UND WOCHENENDE PREISE [gdlr_price_table columns=&#8220;2&#8243; ] [gdlr_tab title=&#8220;STANDARD ZIMMER.&#8220; price=&#8220;ZIMMERPREIS&#8220; link=&#8220;\/szobafoglalas\/&#8220; ] ab 22 490 Ft [\/gdlr_tab] [gdlr_tab title=&#8220;SUPERIOR ZIMMER&#8220; price=&#8220;ZIMMERPREIS &#8220; link=&#8220;\/szobafoglalas\/&#8220; ] ab [&hellip;]","og_url":"https:\/\/forumszombathely.hu\/de\/zimmerpreise\/","og_site_name":"Forum Hotel ****","article_modified_time":"2019-11-13T11:43:21+00:00","twitter_card":"summary_large_image","schema":{"@context":"https:\/\/schema.org","@graph":[{"@type":"WebPage","@id":"https:\/\/forumszombathely.hu\/de\/zimmerpreise\/","url":"https:\/\/forumszombathely.hu\/de\/zimmerpreise\/","name":"Zimmerpreise - Forum Hotel ****","isPartOf":{"@id":"https:\/\/forumszombathely.hu\/#website"},"datePublished":"2018-10-29T11:08:47+00:00","dateModified":"2019-11-13T11:43:21+00:00","breadcrumb":{"@id":"https:\/\/forumszombathely.hu\/de\/zimmerpreise\/#breadcrumb"},"inLanguage":"de","potentialAction":[{"@type":"ReadAction","target":["https:\/\/forumszombathely.hu\/de\/zimmerpreise\/"]}]},{"@type":"BreadcrumbList","@id":"https:\/\/forumszombathely.hu\/de\/zimmerpreise\/#breadcrumb","itemListElement":[{"@type":"ListItem","position":1,"name":"Home","item":"https:\/\/forumszombathely.hu\/de\/"},{"@type":"ListItem","position":2,"name":"Zimmerpreise"}]},{"@type":"WebSite","@id":"https:\/\/forumszombathely.hu\/#website","url":"https:\/\/forumszombathely.hu\/","name":"Forum Hotel ****","description":"Szombathely leg\u00fajabb \u00fczleti sz\u00e1llod\u00e1ja","publisher":{"@id":"https:\/\/forumszombathely.hu\/#organization"},"potentialAction":[{"@type":"SearchAction","target":{"@type":"EntryPoint","urlTemplate":"https:\/\/forumszombathely.hu\/?s={search_term_string}"},"query-input":{"@type":"PropertyValueSpecification","valueRequired":true,"valueName":"search_term_string"}}],"inLanguage":"de"},{"@type":"Organization","@id":"https:\/\/forumszombathely.hu\/#organization","name":"Forum \u00c9tterem \u00e9s Sz\u00e1lloda Szombathely","url":"https:\/\/forumszombathely.hu\/","logo":{"@type":"ImageObject","inLanguage":"de","@id":"https:\/\/forumszombathely.hu\/#\/schema\/logo\/image\/","url":"https:\/\/forumszombathely.hu\/wp-content\/uploads\/forumszombathely-restaurant-de-share.jpg","contentUrl":"https:\/\/forumszombathely.hu\/wp-content\/uploads\/forumszombathely-restaurant-de-share.jpg","width":1200,"height":628,"caption":"Forum \u00c9tterem \u00e9s Sz\u00e1lloda Szombathely"},"image":{"@id":"https:\/\/forumszombathely.hu\/#\/schema\/logo\/image\/"}}]}},"_links":{"self":[{"href":"https:\/\/forumszombathely.hu\/de\/wp-json\/wp\/v2\/pages\/4768","targetHints":{"allow":["GET"]}}],"collection":[{"href":"https:\/\/forumszombathely.hu\/de\/wp-json\/wp\/v2\/pages"}],"about":[{"href":"https:\/\/forumszombathely.hu\/de\/wp-json\/wp\/v2\/types\/page"}],"author":[{"embeddable":true,"href":"https:\/\/forumszombathely.hu\/de\/wp-json\/wp\/v2\/users\/1"}],"replies":[{"embeddable":true,"href":"https:\/\/forumszombathely.hu\/de\/wp-json\/wp\/v2\/comments?post=4768"}],"version-history":[{"count":0,"href":"https:\/\/forumszombathely.hu\/de\/wp-json\/wp\/v2\/pages\/4768\/revisions"}],"wp:attachment":[{"href":"https:\/\/forumszombathely.hu\/de\/wp-json\/wp\/v2\/media?parent=4768"}],"curies":[{"name":"wp","href":"https:\/\/api.w.org\/{rel}","templated":true}]}}