{"id":6396,"date":"2019-01-28T14:50:10","date_gmt":"2019-01-28T13:50:10","guid":{"rendered":"https:\/\/forumszombathely.hu\/?page_id=6396"},"modified":"2019-01-28T18:33:09","modified_gmt":"2019-01-28T17:33:09","slug":"fakultative-programme","status":"publish","type":"page","link":"https:\/\/forumszombathely.hu\/de\/fakultative-programme\/","title":{"rendered":"Fakultative Programme"},"content":{"rendered":"","protected":false},"excerpt":{"rendered":"","protected":false},"author":1,"featured_media":0,"parent":0,"menu_order":0,"comment_status":"closed","ping_status":"closed","template":"","meta":{"_et_pb_use_builder":"","_et_pb_old_content":"","_et_gb_content_width":"","footnotes":""},"class_list":["post-6396","page","type-page","status-publish","hentry"],"yoast_head":"<!-- This site is optimized with the Yoast SEO plugin v27.2 - https:\/\/yoast.com\/product\/yoast-seo-wordpress\/ -->\n<title>Fakultative Programme - Forum Hotel ****<\/title>\n<meta name=\"robots\" content=\"index, follow, max-snippet:-1, max-image-preview:large, max-video-preview:-1\" \/>\n<link rel=\"canonical\" href=\"https:\/\/forumszombathely.hu\/de\/fakultative-programme\/\" \/>\n<meta property=\"og:locale\" content=\"de_DE\" \/>\n<meta property=\"og:type\" content=\"article\" \/>\n<meta property=\"og:title\" content=\"Fakultative Programme - Forum Hotel ****\" \/>\n<meta property=\"og:url\" content=\"https:\/\/forumszombathely.hu\/de\/fakultative-programme\/\" \/>\n<meta property=\"og:site_name\" content=\"Forum Hotel ****\" \/>\n<meta property=\"article:modified_time\" content=\"2019-01-28T17:33:09+00:00\" \/>\n<meta name=\"twitter:card\" content=\"summary_large_image\" \/>\n<script type=\"application\/ld+json\" class=\"yoast-schema-graph\">{\"@context\":\"https:\/\/schema.org\",\"@graph\":[{\"@type\":\"WebPage\",\"@id\":\"https:\/\/forumszombathely.hu\/de\/fakultative-programme\/\",\"url\":\"https:\/\/forumszombathely.hu\/de\/fakultative-programme\/\",\"name\":\"Fakultative Programme - Forum Hotel ****\",\"isPartOf\":{\"@id\":\"https:\/\/forumszombathely.hu\/#website\"},\"datePublished\":\"2019-01-28T13:50:10+00:00\",\"dateModified\":\"2019-01-28T17:33:09+00:00\",\"breadcrumb\":{\"@id\":\"https:\/\/forumszombathely.hu\/de\/fakultative-programme\/#breadcrumb\"},\"inLanguage\":\"de\",\"potentialAction\":[{\"@type\":\"ReadAction\",\"target\":[\"https:\/\/forumszombathely.hu\/de\/fakultative-programme\/\"]}]},{\"@type\":\"BreadcrumbList\",\"@id\":\"https:\/\/forumszombathely.hu\/de\/fakultative-programme\/#breadcrumb\",\"itemListElement\":[{\"@type\":\"ListItem\",\"position\":1,\"name\":\"Home\",\"item\":\"https:\/\/forumszombathely.hu\/de\/\"},{\"@type\":\"ListItem\",\"position\":2,\"name\":\"Fakultative Programme\"}]},{\"@type\":\"WebSite\",\"@id\":\"https:\/\/forumszombathely.hu\/#website\",\"url\":\"https:\/\/forumszombathely.hu\/\",\"name\":\"Forum Hotel ****\",\"description\":\"Szombathely leg\u00fajabb \u00fczleti sz\u00e1llod\u00e1ja\",\"publisher\":{\"@id\":\"https:\/\/forumszombathely.hu\/#organization\"},\"potentialAction\":[{\"@type\":\"SearchAction\",\"target\":{\"@type\":\"EntryPoint\",\"urlTemplate\":\"https:\/\/forumszombathely.hu\/?s={search_term_string}\"},\"query-input\":{\"@type\":\"PropertyValueSpecification\",\"valueRequired\":true,\"valueName\":\"search_term_string\"}}],\"inLanguage\":\"de\"},{\"@type\":\"Organization\",\"@id\":\"https:\/\/forumszombathely.hu\/#organization\",\"name\":\"Forum \u00c9tterem \u00e9s Sz\u00e1lloda Szombathely\",\"url\":\"https:\/\/forumszombathely.hu\/\",\"logo\":{\"@type\":\"ImageObject\",\"inLanguage\":\"de\",\"@id\":\"https:\/\/forumszombathely.hu\/#\/schema\/logo\/image\/\",\"url\":\"https:\/\/forumszombathely.hu\/wp-content\/uploads\/forumszombathely-restaurant-de-share.jpg\",\"contentUrl\":\"https:\/\/forumszombathely.hu\/wp-content\/uploads\/forumszombathely-restaurant-de-share.jpg\",\"width\":1200,\"height\":628,\"caption\":\"Forum \u00c9tterem \u00e9s Sz\u00e1lloda Szombathely\"},\"image\":{\"@id\":\"https:\/\/forumszombathely.hu\/#\/schema\/logo\/image\/\"}}]}<\/script>\n<!-- \/ Yoast SEO plugin. -->","yoast_head_json":{"title":"Fakultative Programme - Forum Hotel ****","robots":{"index":"index","follow":"follow","max-snippet":"max-snippet:-1","max-image-preview":"max-image-preview:large","max-video-preview":"max-video-preview:-1"},"canonical":"https:\/\/forumszombathely.hu\/de\/fakultative-programme\/","og_locale":"de_DE","og_type":"article","og_title":"Fakultative Programme - Forum Hotel ****","og_url":"https:\/\/forumszombathely.hu\/de\/fakultative-programme\/","og_site_name":"Forum Hotel ****","article_modified_time":"2019-01-28T17:33:09+00:00","twitter_card":"summary_large_image","schema":{"@context":"https:\/\/schema.org","@graph":[{"@type":"WebPage","@id":"https:\/\/forumszombathely.hu\/de\/fakultative-programme\/","url":"https:\/\/forumszombathely.hu\/de\/fakultative-programme\/","name":"Fakultative Programme - Forum Hotel ****","isPartOf":{"@id":"https:\/\/forumszombathely.hu\/#website"},"datePublished":"2019-01-28T13:50:10+00:00","dateModified":"2019-01-28T17:33:09+00:00","breadcrumb":{"@id":"https:\/\/forumszombathely.hu\/de\/fakultative-programme\/#breadcrumb"},"inLanguage":"de","potentialAction":[{"@type":"ReadAction","target":["https:\/\/forumszombathely.hu\/de\/fakultative-programme\/"]}]},{"@type":"BreadcrumbList","@id":"https:\/\/forumszombathely.hu\/de\/fakultative-programme\/#breadcrumb","itemListElement":[{"@type":"ListItem","position":1,"name":"Home","item":"https:\/\/forumszombathely.hu\/de\/"},{"@type":"ListItem","position":2,"name":"Fakultative Programme"}]},{"@type":"WebSite","@id":"https:\/\/forumszombathely.hu\/#website","url":"https:\/\/forumszombathely.hu\/","name":"Forum Hotel ****","description":"Szombathely leg\u00fajabb \u00fczleti sz\u00e1llod\u00e1ja","publisher":{"@id":"https:\/\/forumszombathely.hu\/#organization"},"potentialAction":[{"@type":"SearchAction","target":{"@type":"EntryPoint","urlTemplate":"https:\/\/forumszombathely.hu\/?s={search_term_string}"},"query-input":{"@type":"PropertyValueSpecification","valueRequired":true,"valueName":"search_term_string"}}],"inLanguage":"de"},{"@type":"Organization","@id":"https:\/\/forumszombathely.hu\/#organization","name":"Forum \u00c9tterem \u00e9s Sz\u00e1lloda Szombathely","url":"https:\/\/forumszombathely.hu\/","logo":{"@type":"ImageObject","inLanguage":"de","@id":"https:\/\/forumszombathely.hu\/#\/schema\/logo\/image\/","url":"https:\/\/forumszombathely.hu\/wp-content\/uploads\/forumszombathely-restaurant-de-share.jpg","contentUrl":"https:\/\/forumszombathely.hu\/wp-content\/uploads\/forumszombathely-restaurant-de-share.jpg","width":1200,"height":628,"caption":"Forum \u00c9tterem \u00e9s Sz\u00e1lloda Szombathely"},"image":{"@id":"https:\/\/forumszombathely.hu\/#\/schema\/logo\/image\/"}}]}},"_links":{"self":[{"href":"https:\/\/forumszombathely.hu\/de\/wp-json\/wp\/v2\/pages\/6396","targetHints":{"allow":["GET"]}}],"collection":[{"href":"https:\/\/forumszombathely.hu\/de\/wp-json\/wp\/v2\/pages"}],"about":[{"href":"https:\/\/forumszombathely.hu\/de\/wp-json\/wp\/v2\/types\/page"}],"author":[{"embeddable":true,"href":"https:\/\/forumszombathely.hu\/de\/wp-json\/wp\/v2\/users\/1"}],"replies":[{"embeddable":true,"href":"https:\/\/forumszombathely.hu\/de\/wp-json\/wp\/v2\/comments?post=6396"}],"version-history":[{"count":0,"href":"https:\/\/forumszombathely.hu\/de\/wp-json\/wp\/v2\/pages\/6396\/revisions"}],"wp:attachment":[{"href":"https:\/\/forumszombathely.hu\/de\/wp-json\/wp\/v2\/media?parent=6396"}],"curies":[{"name":"wp","href":"https:\/\/api.w.org\/{rel}","templated":true}]}}